{"id":99,"date":"2017-01-16T22:08:00","date_gmt":"2017-01-16T21:08:00","guid":{"rendered":"http:\/\/aots.com\/public\/?page_id=99"},"modified":"2017-01-27T01:09:18","modified_gmt":"2017-01-27T00:09:18","slug":"histoire-aots","status":"publish","type":"page","link":"https:\/\/aots.com\/public\/index.php\/qui-sommes-nous\/histoire-aots\/","title":{"rendered":"Histoire de l&rsquo;A.O.T.S."},"content":{"rendered":"<p style=\"text-align: left;\"><span style=\"font-size: 14pt;\"><strong>Histoire AOTS<\/strong><\/span><\/p>\n<p><strong>Avant 1958<br \/>\n <\/strong><br \/>\n Les compatriotes Tch\u00e9coslovaques sont regroup\u00e9s dans l&rsquo;association d\u00e9nomm\u00e9e Colonie Tch\u00e9coslovaque Fran\u00e7aise.<\/p>\n<p> <strong>D\u00e9cembre1958<br \/>\n <\/strong><br \/>\n Cr\u00e9ation de l&rsquo;Association des Originaires de Tch\u00e9coslovaquie.<\/p>\n<p> <strong>1992<br \/>\n <\/strong><br \/>\n Suite \u00e0 la cr\u00e9ation de la R\u00e9publique Tch\u00e8que et de la R\u00e9publique Slovaque, modification de la d\u00e9nomination de l&rsquo;association pour \u00eatre \u00ab\u00a0&lsquo;Association des Originaires des Pays Tch\u00e8ques et Slovaque\u00a0\u00bb. Le terme \u00ab\u00a0Pays Tch\u00e8ques\u00a0\u00bb regroupe les r\u00e9gions de Moravie et de Boh\u00eame qui constituent la R\u00e9publique Tch\u00e8que.<\/p>\n<p> <strong>2005<br \/>\n <\/strong><br \/>\n R\u00e9unis en Assembl\u00e9e G\u00e9n\u00e9rale le 19 mars, les adh\u00e9rents modifient l&rsquo;appellation de l&rsquo;association qui devient : \u00ab\u00a0Association des Originaires et amis des pays Tch\u00e8ques et Slovaque\u00a0\u00bb.<\/p>\n","protected":false},"excerpt":{"rendered":"<p>Histoire AOTS Avant 1958 Les compatriotes Tch\u00e9coslovaques sont regroup\u00e9s dans l&rsquo;association d\u00e9nomm\u00e9e Colonie Tch\u00e9coslovaque Fran\u00e7aise. D\u00e9cembre1958 Cr\u00e9ation de l&rsquo;Association des Originaires de Tch\u00e9coslovaquie. 1992 Suite \u00e0 la cr\u00e9ation de la R\u00e9publique Tch\u00e8que et de la R\u00e9publique Slovaque, modification de la d\u00e9nomination de l&rsquo;association pour \u00eatre \u00ab\u00a0&lsquo;Association des Originaires des Pays Tch\u00e8ques et Slovaque\u00a0\u00bb. Le terme &hellip; <a href=\"https:\/\/aots.com\/public\/index.php\/qui-sommes-nous\/histoire-aots\/\" class=\"more-link\">Continuer la lecture de <span class=\"screen-reader-text\">Histoire de l&rsquo;A.O.T.S.<\/span>  <span class=\"meta-nav\">&rarr;<\/span><\/a><\/p>\n","protected":false},"author":1,"featured_media":0,"parent":97,"menu_order":0,"comment_status":"closed","ping_status":"closed","template":"","meta":{"footnotes":""},"class_list":["post-99","page","type-page","status-publish","hentry"],"_links":{"self":[{"href":"https:\/\/aots.com\/public\/index.php\/wp-json\/wp\/v2\/pages\/99","targetHints":{"allow":["GET"]}}],"collection":[{"href":"https:\/\/aots.com\/public\/index.php\/wp-json\/wp\/v2\/pages"}],"about":[{"href":"https:\/\/aots.com\/public\/index.php\/wp-json\/wp\/v2\/types\/page"}],"author":[{"embeddable":true,"href":"https:\/\/aots.com\/public\/index.php\/wp-json\/wp\/v2\/users\/1"}],"replies":[{"embeddable":true,"href":"https:\/\/aots.com\/public\/index.php\/wp-json\/wp\/v2\/comments?post=99"}],"version-history":[{"count":4,"href":"https:\/\/aots.com\/public\/index.php\/wp-json\/wp\/v2\/pages\/99\/revisions"}],"predecessor-version":[{"id":251,"href":"https:\/\/aots.com\/public\/index.php\/wp-json\/wp\/v2\/pages\/99\/revisions\/251"}],"up":[{"embeddable":true,"href":"https:\/\/aots.com\/public\/index.php\/wp-json\/wp\/v2\/pages\/97"}],"wp:attachment":[{"href":"https:\/\/aots.com\/public\/index.php\/wp-json\/wp\/v2\/media?parent=99"}],"curies":[{"name":"wp","href":"https:\/\/api.w.org\/{rel}","templated":true}]}}