{"id":85,"date":"2017-01-16T21:41:02","date_gmt":"2017-01-16T20:41:02","guid":{"rendered":"http:\/\/aots.com\/public\/?page_id=85"},"modified":"2017-03-01T15:53:21","modified_gmt":"2017-03-01T14:53:21","slug":"nous-rejoindre","status":"publish","type":"page","link":"https:\/\/aots.com\/public\/index.php\/nadeje\/nous-rejoindre\/","title":{"rendered":"Rejoindre l&rsquo;Ensemble Folklorique Nadeje"},"content":{"rendered":"<p><span style=\"font-size: 14pt;\"><strong>Rejoindre Nadeje :<\/strong><\/span><\/p>\n<p><strong>Responsable du Groupe<\/strong> <br \/>\n M. Daniel Compagnon<\/p>\n<p><strong>Horaires r\u00e9p\u00e9titions<br \/>\n <\/strong>Chaque vendredi \u00e0 partir de 19 h 30, hors p\u00e9riodes de vacances scolaires et jours f\u00e9ri\u00e9s<\/p>\n<p><strong>Lieu des r\u00e9p\u00e9titions :<\/strong><br \/>\n Complexe Sportif Ren\u00e9 Leduc<br \/>\n 92190 MEUDON-VAL-FLEURY<\/p>\n<p>RER Ligne C : Gare Meudon Val Fleury<br \/>\n <a href=\"http:\/\/www.ratp.fr\/plan-interactif\/\" target=\"_blank\">Plan interactif RATP<\/a><\/p>\n<p>&nbsp;<\/p>\n<p><iframe loading=\"lazy\" style=\"border: 0;\" src=\"https:\/\/www.google.com\/maps\/embed?pb=!1m18!1m12!1m3!1d2627.64439480955!2d2.2439022145282346!3d48.80776521222576!2m3!1f0!2f0!3f0!3m2!1i1024!2i768!4f13.1!3m3!1m2!1s0x47e67a576d719e7b%3A0x1de315d4847ca71f!2sComplexe+sportif+Ren%C3%A9+Leduc!5e0!3m2!1sfr!2sfr!4v1484863761804\" width=\"600\" height=\"450\" frameborder=\"0\" allowfullscreen=\"allowfullscreen\"><\/iframe><\/p>\n","protected":false},"excerpt":{"rendered":"<p>Rejoindre Nadeje : Responsable du Groupe M. Daniel Compagnon Horaires r\u00e9p\u00e9titions Chaque vendredi \u00e0 partir de 19 h 30, hors p\u00e9riodes de vacances scolaires et jours f\u00e9ri\u00e9s Lieu des r\u00e9p\u00e9titions : Complexe Sportif Ren\u00e9 Leduc 92190 MEUDON-VAL-FLEURY RER Ligne C : Gare Meudon Val Fleury Plan interactif RATP &nbsp;<\/p>\n","protected":false},"author":1,"featured_media":0,"parent":81,"menu_order":0,"comment_status":"closed","ping_status":"closed","template":"","meta":{"footnotes":""},"class_list":["post-85","page","type-page","status-publish","hentry"],"_links":{"self":[{"href":"https:\/\/aots.com\/public\/index.php\/wp-json\/wp\/v2\/pages\/85","targetHints":{"allow":["GET"]}}],"collection":[{"href":"https:\/\/aots.com\/public\/index.php\/wp-json\/wp\/v2\/pages"}],"about":[{"href":"https:\/\/aots.com\/public\/index.php\/wp-json\/wp\/v2\/types\/page"}],"author":[{"embeddable":true,"href":"https:\/\/aots.com\/public\/index.php\/wp-json\/wp\/v2\/users\/1"}],"replies":[{"embeddable":true,"href":"https:\/\/aots.com\/public\/index.php\/wp-json\/wp\/v2\/comments?post=85"}],"version-history":[{"count":9,"href":"https:\/\/aots.com\/public\/index.php\/wp-json\/wp\/v2\/pages\/85\/revisions"}],"predecessor-version":[{"id":310,"href":"https:\/\/aots.com\/public\/index.php\/wp-json\/wp\/v2\/pages\/85\/revisions\/310"}],"up":[{"embeddable":true,"href":"https:\/\/aots.com\/public\/index.php\/wp-json\/wp\/v2\/pages\/81"}],"wp:attachment":[{"href":"https:\/\/aots.com\/public\/index.php\/wp-json\/wp\/v2\/media?parent=85"}],"curies":[{"name":"wp","href":"https:\/\/api.w.org\/{rel}","templated":true}]}}