{"id":83,"date":"2017-01-16T21:40:04","date_gmt":"2017-01-16T20:40:04","guid":{"rendered":"http:\/\/aots.com\/public\/?page_id=83"},"modified":"2020-06-30T09:53:31","modified_gmt":"2020-06-30T07:53:31","slug":"histoire","status":"publish","type":"page","link":"https:\/\/aots.com\/public\/index.php\/nadeje\/histoire\/","title":{"rendered":"Histoire Nadeje"},"content":{"rendered":"<p><span style=\"font-size: 12pt;\">Histoire de notre Ensemble Folklorique<\/span><strong><br \/>\n<\/strong><span style=\"font-size: 10pt;\"><i>Et oui\u00a0 ! \u00c7a marche toujours\u00a0<\/i><i> <\/i><i>!!<\/i><\/span><\/p>\n<p><span style=\"font-size: 10pt;\"><b>Et, si \u00e7a marchait ?<\/b> \u2026 C&rsquo;est la question que se posait en 1952 Michel GREGOR ancien pr\u00e9sident de l&rsquo;Association, quand quelques jeunes compatriotes de retour de vacances en Tch\u00e9coslovaquie lui propos\u00e8rent de constituer un groupe folklorique apr\u00e8s avoir \u00e9t\u00e9 enthousiasm\u00e9s par le groupe RADOS\u0164 de Brno qu&rsquo;ils avaient applaudi \u00e0 Mari\u00e1nsk\u00e9 L\u00e1zn\u00e9.<\/span><\/p>\n<p><span style=\"font-size: 10pt;\">Michel serait tr\u00e8s heureux (il nous a malheureusement quitt\u00e9 en 2015) de constater que son interrogation a re\u00e7u une r\u00e9ponse positive jusqu\u2019\u00e0 aujourd\u2019hui.<\/span><\/p>\n<p><span style=\"font-size: 10pt;\">En effet, depuis pr\u00e8s de 65 ans, notre groupe anime toutes les activit\u00e9s de l&rsquo;Association, sillonne la France pour promouvoir les cultures populaires tch\u00e8que, morave et slovaque et se rend en Boh\u00eame, Moravie et Slovaquie en y alternant stages et spectacles.<\/span><\/p>\n<p><span style=\"font-size: 10pt;\">Et cela, gr\u00e2ce au d\u00e9vouement et au courage des responsables qui se sont succ\u00e9d\u00e9s \u00e0 la t\u00eate du groupe et au travail et au plaisir qu&rsquo;ont trouv\u00e9 des centaines de jeunes, \u00e0 maintenir vivantes les traditions, les coutumes et la culture de leurs parents et grands-parents.<\/span><\/p>\n<p><span style=\"font-size: 12pt;\">Notre Association se doit donc, en 2022, de c\u00e9l\u00e9brer dignement le 70<sup>\u00e8me<\/sup> anniversaire de son groupe.<br \/>\n<\/span><\/p>\n","protected":false},"excerpt":{"rendered":"<p>Histoire de notre Ensemble Folklorique Et oui\u00a0 ! \u00c7a marche toujours\u00a0 !! Et, si \u00e7a marchait ? \u2026 C&rsquo;est la question que se posait en 1952 Michel GREGOR ancien pr\u00e9sident de l&rsquo;Association, quand quelques jeunes compatriotes de retour de vacances en Tch\u00e9coslovaquie lui propos\u00e8rent de constituer un groupe folklorique apr\u00e8s avoir \u00e9t\u00e9 enthousiasm\u00e9s par le &hellip; <a href=\"https:\/\/aots.com\/public\/index.php\/nadeje\/histoire\/\" class=\"more-link\">Continuer la lecture de <span class=\"screen-reader-text\">Histoire Nadeje<\/span>  <span class=\"meta-nav\">&rarr;<\/span><\/a><\/p>\n","protected":false},"author":1,"featured_media":0,"parent":81,"menu_order":0,"comment_status":"closed","ping_status":"closed","template":"","meta":{"footnotes":""},"class_list":["post-83","page","type-page","status-publish","hentry"],"_links":{"self":[{"href":"https:\/\/aots.com\/public\/index.php\/wp-json\/wp\/v2\/pages\/83","targetHints":{"allow":["GET"]}}],"collection":[{"href":"https:\/\/aots.com\/public\/index.php\/wp-json\/wp\/v2\/pages"}],"about":[{"href":"https:\/\/aots.com\/public\/index.php\/wp-json\/wp\/v2\/types\/page"}],"author":[{"embeddable":true,"href":"https:\/\/aots.com\/public\/index.php\/wp-json\/wp\/v2\/users\/1"}],"replies":[{"embeddable":true,"href":"https:\/\/aots.com\/public\/index.php\/wp-json\/wp\/v2\/comments?post=83"}],"version-history":[{"count":4,"href":"https:\/\/aots.com\/public\/index.php\/wp-json\/wp\/v2\/pages\/83\/revisions"}],"predecessor-version":[{"id":865,"href":"https:\/\/aots.com\/public\/index.php\/wp-json\/wp\/v2\/pages\/83\/revisions\/865"}],"up":[{"embeddable":true,"href":"https:\/\/aots.com\/public\/index.php\/wp-json\/wp\/v2\/pages\/81"}],"wp:attachment":[{"href":"https:\/\/aots.com\/public\/index.php\/wp-json\/wp\/v2\/media?parent=83"}],"curies":[{"name":"wp","href":"https:\/\/api.w.org\/{rel}","templated":true}]}}