{"id":238,"date":"2017-01-20T13:08:11","date_gmt":"2017-01-20T12:08:11","guid":{"rendered":"http:\/\/aots.com\/public\/?page_id=238"},"modified":"2023-11-18T17:26:22","modified_gmt":"2023-11-18T16:26:22","slug":"adherer-a-laots","status":"publish","type":"page","link":"https:\/\/aots.com\/public\/index.php\/qui-sommes-nous\/adherer-a-laots\/","title":{"rendered":"Adh\u00e9rer \u00e0 l&rsquo;AOTS"},"content":{"rendered":"<p><strong>Adh\u00e9rer<\/strong><\/p>\n<p>Pour une ann\u00e9e glissante :<\/p>\n<p>\u00c0 partir du 01\/01\/2019 nouvelle adh\u00e9sion ou renouvellement<\/p>\n<ul>\n<li>Individuel\u00a0\u00a0\u00a0\u00a0\u00a0\u00a0\u00a0\u00a0\u00a0\u00a0\u00a0\u00a0\u00a0\u00a0\u00a0\u00a0\u00a0\u00a0\u00a0\u00a0\u00a0\u00a0 : 28 Euros<\/li>\n<li>Deux personnes\u00a0\u00a0\u00a0\u00a0\u00a0\u00a0\u00a0 :\u00a0 40 Euros<\/li>\n<li>Faibles Ressources :\u00a0 14 Euros<\/li>\n<\/ul>\n<p>Adh\u00e9rer, cela vous :<\/p>\n<ul>\n<li>Permets de recevoir notre journal pendant votre adh\u00e9sion.<\/li>\n<li>Permets de participer activement<\/li>\n<li>Donne droit \u00e0 l&rsquo;ensemble des services propos\u00e9s par l&rsquo;A.O.T.S.<\/li>\n<li>Donne droit \u00e0\u00a0 des r\u00e9ductions chez nos partenaires sur pr\u00e9sentation de votre carte d&rsquo;adh\u00e9rent<\/li>\n<li>Permets de soutenir notre association qui existe depuis plus de cinquante ans et qui \u00e9volue<\/li>\n<\/ul>\n<p>Pour tout r\u00e8glement en ligne : <a href=\"https:\/\/aots.com\/public\/index.php\/qui-sommes-nous\/formulaire-adhesion\/\">Cliquez ici<\/a><\/p>\n<p><strong>\u00a0<\/strong><\/p>\n","protected":false},"excerpt":{"rendered":"<p>Adh\u00e9rer Pour une ann\u00e9e glissante : \u00c0 partir du 01\/01\/2019 nouvelle adh\u00e9sion ou renouvellement Individuel\u00a0\u00a0\u00a0\u00a0\u00a0\u00a0\u00a0\u00a0\u00a0\u00a0\u00a0\u00a0\u00a0\u00a0\u00a0\u00a0\u00a0\u00a0\u00a0\u00a0\u00a0\u00a0 : 28 Euros Deux personnes\u00a0\u00a0\u00a0\u00a0\u00a0\u00a0\u00a0 :\u00a0 40 Euros Faibles Ressources :\u00a0 14 Euros Adh\u00e9rer, cela vous : Permets de recevoir notre journal pendant votre adh\u00e9sion. Permets de participer activement Donne droit \u00e0 l&rsquo;ensemble des services propos\u00e9s par l&rsquo;A.O.T.S. Donne droit &hellip; <a href=\"https:\/\/aots.com\/public\/index.php\/qui-sommes-nous\/adherer-a-laots\/\" class=\"more-link\">Continuer la lecture de <span class=\"screen-reader-text\">Adh\u00e9rer \u00e0 l&rsquo;AOTS<\/span>  <span class=\"meta-nav\">&rarr;<\/span><\/a><\/p>\n","protected":false},"author":1,"featured_media":0,"parent":97,"menu_order":0,"comment_status":"closed","ping_status":"closed","template":"","meta":{"footnotes":""},"class_list":["post-238","page","type-page","status-publish","hentry"],"_links":{"self":[{"href":"https:\/\/aots.com\/public\/index.php\/wp-json\/wp\/v2\/pages\/238","targetHints":{"allow":["GET"]}}],"collection":[{"href":"https:\/\/aots.com\/public\/index.php\/wp-json\/wp\/v2\/pages"}],"about":[{"href":"https:\/\/aots.com\/public\/index.php\/wp-json\/wp\/v2\/types\/page"}],"author":[{"embeddable":true,"href":"https:\/\/aots.com\/public\/index.php\/wp-json\/wp\/v2\/users\/1"}],"replies":[{"embeddable":true,"href":"https:\/\/aots.com\/public\/index.php\/wp-json\/wp\/v2\/comments?post=238"}],"version-history":[{"count":7,"href":"https:\/\/aots.com\/public\/index.php\/wp-json\/wp\/v2\/pages\/238\/revisions"}],"predecessor-version":[{"id":19365,"href":"https:\/\/aots.com\/public\/index.php\/wp-json\/wp\/v2\/pages\/238\/revisions\/19365"}],"up":[{"embeddable":true,"href":"https:\/\/aots.com\/public\/index.php\/wp-json\/wp\/v2\/pages\/97"}],"wp:attachment":[{"href":"https:\/\/aots.com\/public\/index.php\/wp-json\/wp\/v2\/media?parent=238"}],"curies":[{"name":"wp","href":"https:\/\/api.w.org\/{rel}","templated":true}]}}