{"id":139,"date":"2017-01-19T22:20:14","date_gmt":"2017-01-19T21:20:14","guid":{"rendered":"http:\/\/aots.com\/public\/?page_id=139"},"modified":"2023-11-18T17:18:50","modified_gmt":"2023-11-18T16:18:50","slug":"le-conseil-dadministration","status":"publish","type":"page","link":"https:\/\/aots.com\/public\/index.php\/qui-sommes-nous\/le-conseil-dadministration\/","title":{"rendered":"Le conseil d&rsquo;administration"},"content":{"rendered":"<p><strong>Pr\u00e9sident<\/strong><br \/>\n&#8211; Daniel COMPAGNON<br \/>\n<strong>Vice-Pr\u00e9sidents<\/strong><br \/>\n&#8211; Georges DZIAN : affaires slovaques, g\u00e9n\u00e9alogie, cuisine<br \/>\n&#8211; Pavel LESAK \u00a0 \u00a0 \u00a0\u00a0 : affaires tch\u00e8ques<br \/>\n<strong>Tr\u00e9sorier<\/strong><br \/>\n&#8211; Pierre NOBLET<br \/>\n<strong>Secr\u00e9taire<\/strong><br \/>\n&#8211; Michel ANDRE<\/p>\n<p><strong>Les membres du Conseil d&rsquo;Administration<\/strong><br \/>\n&#8211; Michel ANDRE<br \/>\n&#8211; Fran\u00e7oise BEZAULT<br \/>\n&#8211; Daniel COMPAGNON<br \/>\n&#8211; Monique COMPAGNON<br \/>\n&#8211; Tania COMPAGNON<br \/>\n&#8211; Georges DZIAN<br \/>\n&#8211; Jacqueline DZIAN<br \/>\n&#8211; Tania FRICAUD<br \/>\n&#8211; B\u00e9atrice LESAK<br \/>\n&#8211; Pavel LESAK<br \/>\n&#8211; Sandrine LESAK<br \/>\n&#8211; Nicole MERCIER<br \/>\n&#8211; Pierre NOBLET<br \/>\n&#8211; Simone ROGER<br \/>\n&#8211; Denise SCHACHT<\/p>\n","protected":false},"excerpt":{"rendered":"<p>Pr\u00e9sident &#8211; Daniel COMPAGNON Vice-Pr\u00e9sidents &#8211; Georges DZIAN : affaires slovaques, g\u00e9n\u00e9alogie, cuisine &#8211; Pavel LESAK \u00a0 \u00a0 \u00a0\u00a0 : affaires tch\u00e8ques Tr\u00e9sorier &#8211; Pierre NOBLET Secr\u00e9taire &#8211; Michel ANDRE Les membres du Conseil d&rsquo;Administration &#8211; Michel ANDRE &#8211; Fran\u00e7oise BEZAULT &#8211; Daniel COMPAGNON &#8211; Monique COMPAGNON &#8211; Tania COMPAGNON &#8211; Georges DZIAN &#8211; Jacqueline &hellip; <a href=\"https:\/\/aots.com\/public\/index.php\/qui-sommes-nous\/le-conseil-dadministration\/\" class=\"more-link\">Continuer la lecture de <span class=\"screen-reader-text\">Le conseil d&rsquo;administration<\/span>  <span class=\"meta-nav\">&rarr;<\/span><\/a><\/p>\n","protected":false},"author":1,"featured_media":0,"parent":97,"menu_order":0,"comment_status":"closed","ping_status":"closed","template":"","meta":{"footnotes":""},"class_list":["post-139","page","type-page","status-publish","hentry"],"_links":{"self":[{"href":"https:\/\/aots.com\/public\/index.php\/wp-json\/wp\/v2\/pages\/139","targetHints":{"allow":["GET"]}}],"collection":[{"href":"https:\/\/aots.com\/public\/index.php\/wp-json\/wp\/v2\/pages"}],"about":[{"href":"https:\/\/aots.com\/public\/index.php\/wp-json\/wp\/v2\/types\/page"}],"author":[{"embeddable":true,"href":"https:\/\/aots.com\/public\/index.php\/wp-json\/wp\/v2\/users\/1"}],"replies":[{"embeddable":true,"href":"https:\/\/aots.com\/public\/index.php\/wp-json\/wp\/v2\/comments?post=139"}],"version-history":[{"count":2,"href":"https:\/\/aots.com\/public\/index.php\/wp-json\/wp\/v2\/pages\/139\/revisions"}],"predecessor-version":[{"id":19360,"href":"https:\/\/aots.com\/public\/index.php\/wp-json\/wp\/v2\/pages\/139\/revisions\/19360"}],"up":[{"embeddable":true,"href":"https:\/\/aots.com\/public\/index.php\/wp-json\/wp\/v2\/pages\/97"}],"wp:attachment":[{"href":"https:\/\/aots.com\/public\/index.php\/wp-json\/wp\/v2\/media?parent=139"}],"curies":[{"name":"wp","href":"https:\/\/api.w.org\/{rel}","templated":true}]}}