{"id":106,"date":"2017-01-16T22:13:02","date_gmt":"2017-01-16T21:13:02","guid":{"rendered":"http:\/\/aots.com\/public\/?page_id=106"},"modified":"2023-11-18T17:22:51","modified_gmt":"2023-11-18T16:22:51","slug":"plan-dacces","status":"publish","type":"page","link":"https:\/\/aots.com\/public\/index.php\/qui-sommes-nous\/plan-dacces\/","title":{"rendered":"Plan d&rsquo;Acc\u00e8s"},"content":{"rendered":"<p>\u00c0 compter du 1er d\u00e9cembre 2023<\/p>\n<p>Nos bureaux du 8 rue Bachelet 75018 Paris sont d\u00e9finitevement ferm\u00e9.<\/p>\n<p>Nous esp\u00e9rons pouvoir vous communiquer tr\u00e9s prochainement notre nouvelle adresse.<\/p>\n<p>Pour nous contacter :<\/p>\n<p><strong>AOTS<\/strong><br \/>\n<strong>4 Rue Ronsard <\/strong><br \/>\n<strong>92360 MEUDON<\/strong><\/p>\n","protected":false},"excerpt":{"rendered":"<p>\u00c0 compter du 1er d\u00e9cembre 2023 Nos bureaux du 8 rue Bachelet 75018 Paris sont d\u00e9finitevement ferm\u00e9. Nous esp\u00e9rons pouvoir vous communiquer tr\u00e9s prochainement notre nouvelle adresse. Pour nous contacter : AOTS 4 Rue Ronsard 92360 MEUDON<\/p>\n","protected":false},"author":1,"featured_media":0,"parent":97,"menu_order":0,"comment_status":"closed","ping_status":"closed","template":"","meta":{"footnotes":""},"class_list":["post-106","page","type-page","status-publish","hentry"],"_links":{"self":[{"href":"https:\/\/aots.com\/public\/index.php\/wp-json\/wp\/v2\/pages\/106","targetHints":{"allow":["GET"]}}],"collection":[{"href":"https:\/\/aots.com\/public\/index.php\/wp-json\/wp\/v2\/pages"}],"about":[{"href":"https:\/\/aots.com\/public\/index.php\/wp-json\/wp\/v2\/types\/page"}],"author":[{"embeddable":true,"href":"https:\/\/aots.com\/public\/index.php\/wp-json\/wp\/v2\/users\/1"}],"replies":[{"embeddable":true,"href":"https:\/\/aots.com\/public\/index.php\/wp-json\/wp\/v2\/comments?post=106"}],"version-history":[{"count":6,"href":"https:\/\/aots.com\/public\/index.php\/wp-json\/wp\/v2\/pages\/106\/revisions"}],"predecessor-version":[{"id":19362,"href":"https:\/\/aots.com\/public\/index.php\/wp-json\/wp\/v2\/pages\/106\/revisions\/19362"}],"up":[{"embeddable":true,"href":"https:\/\/aots.com\/public\/index.php\/wp-json\/wp\/v2\/pages\/97"}],"wp:attachment":[{"href":"https:\/\/aots.com\/public\/index.php\/wp-json\/wp\/v2\/media?parent=106"}],"curies":[{"name":"wp","href":"https:\/\/api.w.org\/{rel}","templated":true}]}}